{"id":2377,"date":"2023-03-11T15:17:07","date_gmt":"2023-03-11T15:17:07","guid":{"rendered":"https:\/\/khaihoanphuquoc.com.vn\/doi-tra-va-hoan-tien\/"},"modified":"2023-03-23T10:06:51","modified_gmt":"2023-03-23T10:06:51","slug":"doi-tra-va-hoan-tien","status":"publish","type":"page","link":"https:\/\/khaihoanphuquoc.com.vn\/en\/doi-tra-va-hoan-tien\/","title":{"rendered":"Return &#038; Refund"},"content":{"rendered":"<h3><strong>RETURN POLICY: <\/strong><\/h3>\n<p>You can check the goods and return them at the time of delivery\/receipt in the following situations:<\/p>\n<ul>\n<li>The product does not match the type\/model ordered on the website at the time of receipt<\/li>\n<li>Insufficient quantity of ordered goods<\/li>\n<li>Affected package: Torn box, broken bottle&#8230;<\/li>\n<\/ul>\n<p>In case you have received the goods, we encourage you to film or take pictures of the condition before opening and while opening the package. You are responsible for submitting documents and video\/photo proof related to the above deficiencies to be processed and returned.<\/p>\n<p>You must notify the return of goods within 48 hours after receiving products.<\/p>\n<p>Product return location: Depending on the delivery address is directly Khai Hoan or from the distributor and agent of Khai Hoan, you will bring it directly to that address or return it by post.<\/p>\n<h3><strong>REFUND POLICY:<\/strong><\/h3>\n<p>We will refund you when the sale point confirms receipt of the returned item. The refund will be transferred to the customer&#8217;s bank card provided to the point of sale<\/p>\n<p><strong>Note:<\/strong>\u00a0It is your responsibility to provide bank account information to receive the refund.<\/p>\n","protected":false},"excerpt":{"rendered":"<p>RETURN POLICY: You can check the goods and return them at the time of delivery\/receipt in the following situations: The product does not match the type\/model ordered on the website at the time of receipt Insufficient quantity of ordered goods Affected package: Torn box, broken bottle&#8230; In case you have received the goods, we encourage [&hellip;]<\/p>\n","protected":false},"author":3,"featured_media":0,"parent":0,"menu_order":0,"comment_status":"closed","ping_status":"closed","template":"page-template\/support-template.php","meta":{"inline_featured_image":false,"footnotes":""},"class_list":["post-2377","page","type-page","status-publish","hentry"],"yoast_head":"<!-- This site is optimized with the Yoast SEO plugin v23.3 - https:\/\/yoast.com\/wordpress\/plugins\/seo\/ -->\n<title>Return &amp; Refund - N\u01b0\u1edbc M\u1eafm Kh\u1ea3i Ho\u00e0n Ph\u00fa Qu\u1ed1c<\/title>\n<meta name=\"robots\" content=\"index, follow, max-snippet:-1, max-image-preview:large, max-video-preview:-1\" \/>\n<link rel=\"canonical\" href=\"https:\/\/khaihoanphuquoc.com.vn\/en\/doi-tra-va-hoan-tien\/\" \/>\n<meta property=\"og:locale\" content=\"en_US\" \/>\n<meta property=\"og:type\" content=\"article\" \/>\n<meta property=\"og:title\" content=\"Return &amp; Refund - N\u01b0\u1edbc M\u1eafm Kh\u1ea3i Ho\u00e0n Ph\u00fa Qu\u1ed1c\" \/>\n<meta property=\"og:description\" content=\"RETURN POLICY: You can check the goods and return them at the time of delivery\/receipt in the following situations: The product does not match the type\/model ordered on the website at the time of receipt Insufficient quantity of ordered goods Affected package: Torn box, broken bottle&#8230; In case you have received the goods, we encourage [&hellip;]\" \/>\n<meta property=\"og:url\" content=\"https:\/\/khaihoanphuquoc.com.vn\/en\/doi-tra-va-hoan-tien\/\" \/>\n<meta property=\"og:site_name\" content=\"N\u01b0\u1edbc M\u1eafm Kh\u1ea3i Ho\u00e0n Ph\u00fa Qu\u1ed1c\" \/>\n<meta property=\"article:modified_time\" content=\"2023-03-23T10:06:51+00:00\" \/>\n<meta name=\"twitter:card\" content=\"summary_large_image\" \/>\n<meta name=\"twitter:label1\" content=\"Est. reading time\" \/>\n\t<meta name=\"twitter:data1\" content=\"1 minute\" \/>\n<!-- \/ Yoast SEO plugin. -->","yoast_head_json":{"title":"Return & Refund - N\u01b0\u1edbc M\u1eafm Kh\u1ea3i Ho\u00e0n Ph\u00fa Qu\u1ed1c","robots":{"index":"index","follow":"follow","max-snippet":"max-snippet:-1","max-image-preview":"max-image-preview:large","max-video-preview":"max-video-preview:-1"},"canonical":"https:\/\/khaihoanphuquoc.com.vn\/en\/doi-tra-va-hoan-tien\/","og_locale":"en_US","og_type":"article","og_title":"Return & Refund - N\u01b0\u1edbc M\u1eafm Kh\u1ea3i Ho\u00e0n Ph\u00fa Qu\u1ed1c","og_description":"RETURN POLICY: You can check the goods and return them at the time of delivery\/receipt in the following situations: The product does not match the type\/model ordered on the website at the time of receipt Insufficient quantity of ordered goods Affected package: Torn box, broken bottle&#8230; In case you have received the goods, we encourage [&hellip;]","og_url":"https:\/\/khaihoanphuquoc.com.vn\/en\/doi-tra-va-hoan-tien\/","og_site_name":"N\u01b0\u1edbc M\u1eafm Kh\u1ea3i Ho\u00e0n Ph\u00fa Qu\u1ed1c","article_modified_time":"2023-03-23T10:06:51+00:00","twitter_card":"summary_large_image","twitter_misc":{"Est. reading time":"1 minute"},"schema":{"@context":"https:\/\/schema.org","@graph":[{"@type":"WebPage","@id":"https:\/\/khaihoanphuquoc.com.vn\/en\/doi-tra-va-hoan-tien\/","url":"https:\/\/khaihoanphuquoc.com.vn\/en\/doi-tra-va-hoan-tien\/","name":"Return & Refund - N\u01b0\u1edbc M\u1eafm Kh\u1ea3i Ho\u00e0n Ph\u00fa Qu\u1ed1c","isPartOf":{"@id":"https:\/\/khaihoanphuquoc.com.vn\/#website"},"datePublished":"2023-03-11T15:17:07+00:00","dateModified":"2023-03-23T10:06:51+00:00","breadcrumb":{"@id":"https:\/\/khaihoanphuquoc.com.vn\/en\/doi-tra-va-hoan-tien\/#breadcrumb"},"inLanguage":"en-US","potentialAction":[{"@type":"ReadAction","target":["https:\/\/khaihoanphuquoc.com.vn\/en\/doi-tra-va-hoan-tien\/"]}]},{"@type":"BreadcrumbList","@id":"https:\/\/khaihoanphuquoc.com.vn\/en\/doi-tra-va-hoan-tien\/#breadcrumb","itemListElement":[{"@type":"ListItem","position":1,"name":"Trang ch\u1ee7","item":"https:\/\/khaihoanphuquoc.com.vn\/en\/trang-chu\/"},{"@type":"ListItem","position":2,"name":"Return &#038; Refund"}]},{"@type":"WebSite","@id":"https:\/\/khaihoanphuquoc.com.vn\/#website","url":"https:\/\/khaihoanphuquoc.com.vn\/","name":"N\u01b0\u1edbc M\u1eafm Kh\u1ea3i Ho\u00e0n","description":"\u0110\u1ed1i v\u1edbi m\u1ed7i anh em t\u1ea1i Kh\u1ea3i Ho\u00e0n, bi\u1ec3n nh\u01b0 ng\u01b0\u1eddi m\u1eb9 v\u0129 \u0111\u1ea1i. L\u00e0 m\u1ed9t \u0111\u1ee9a con c\u1ee7a Ph\u00fa Qu\u1ed1c, y\u00eau \u0111\u1ea3o, y\u00eau r\u1eebng, y\u00eau v\u1ecb m\u1eb7n c\u1ee7a bi\u1ec3n, bi\u1ebft \u01a1n t\u1ea5t th\u1ea3y nh\u1eefng g\u00ec m\u1eb9 thi\u00ean nhi\u00ean ban t\u1eb7ng cho v\u00f9ng \u0111\u1ea5t n\u00e0y, b\u00e0 Tr\u1ea7n Th\u1ecb Ba \u0111\u00e3 d\u00e0nh t\u00e2m huy\u1ebft h\u01a1n n\u1eeda \u0111\u1eddi ng\u01b0\u1eddi cho ngh\u1ec1 l\u00e0m n\u01b0\u1edbc m\u1eafm; th\u1ed5i b\u00f9ng ng\u1ecdn l\u1eeda \u0111am m\u00ea v\u00e0 truy\u1ec1n l\u1ea1i cho con ch\u00e1u \u0111\u1eddi sau.","publisher":{"@id":"https:\/\/khaihoanphuquoc.com.vn\/#organization"},"alternateName":"N\u01b0\u1edbc M\u1eafm Kh\u1ea3i Ho\u00e0n","potentialAction":[{"@type":"SearchAction","target":{"@type":"EntryPoint","urlTemplate":"https:\/\/khaihoanphuquoc.com.vn\/?s={search_term_string}"},"query-input":"required name=search_term_string"}],"inLanguage":"en-US"},{"@type":"Organization","@id":"https:\/\/khaihoanphuquoc.com.vn\/#organization","name":"C\u00f4ng ty c\u1ed5 ph\u1ea7n th\u01b0\u01a1ng m\u1ea1i Kh\u1ea3i Ho\u00e0n","alternateName":"\u0110\u1ed1i v\u1edbi m\u1ed7i anh em t\u1ea1i Kh\u1ea3i Ho\u00e0n, bi\u1ec3n nh\u01b0 ng\u01b0\u1eddi m\u1eb9 v\u0129 \u0111\u1ea1i. L\u00e0 m\u1ed9t \u0111\u1ee9a con c\u1ee7a Ph\u00fa Qu\u1ed1c, y\u00eau \u0111\u1ea3o, y\u00eau r\u1eebng, y\u00eau v\u1ecb m\u1eb7n c\u1ee7a bi\u1ec3n, bi\u1ebft \u01a1n t\u1ea5t th\u1ea3y nh\u1eefng g\u00ec m\u1eb9 thi\u00ean nhi\u00ean ban t\u1eb7ng cho v\u00f9ng \u0111\u1ea5t n\u00e0y, b\u00e0 Tr\u1ea7n Th\u1ecb Ba \u0111\u00e3 d\u00e0nh t\u00e2m huy\u1ebft h\u01a1n n\u1eeda \u0111\u1eddi ng\u01b0\u1eddi cho ngh\u1ec1 l\u00e0m n\u01b0\u1edbc m\u1eafm; th\u1ed5i b\u00f9ng ng\u1ecdn l\u1eeda \u0111am m\u00ea v\u00e0 truy\u1ec1n l\u1ea1i cho con ch\u00e1u \u0111\u1eddi sau.","url":"https:\/\/khaihoanphuquoc.com.vn\/","logo":{"@type":"ImageObject","inLanguage":"en-US","@id":"https:\/\/khaihoanphuquoc.com.vn\/#\/schema\/logo\/image\/","url":"https:\/\/khaihoanphuquoc.com.vn\/wp-content\/uploads\/2023\/01\/logonew.png","contentUrl":"https:\/\/khaihoanphuquoc.com.vn\/wp-content\/uploads\/2023\/01\/logonew.png","width":115,"height":108,"caption":"C\u00f4ng ty c\u1ed5 ph\u1ea7n th\u01b0\u01a1ng m\u1ea1i Kh\u1ea3i Ho\u00e0n"},"image":{"@id":"https:\/\/khaihoanphuquoc.com.vn\/#\/schema\/logo\/image\/"}}]}},"_links":{"self":[{"href":"https:\/\/khaihoanphuquoc.com.vn\/en\/wp-json\/wp\/v2\/pages\/2377","targetHints":{"allow":["GET"]}}],"collection":[{"href":"https:\/\/khaihoanphuquoc.com.vn\/en\/wp-json\/wp\/v2\/pages"}],"about":[{"href":"https:\/\/khaihoanphuquoc.com.vn\/en\/wp-json\/wp\/v2\/types\/page"}],"author":[{"embeddable":true,"href":"https:\/\/khaihoanphuquoc.com.vn\/en\/wp-json\/wp\/v2\/users\/3"}],"replies":[{"embeddable":true,"href":"https:\/\/khaihoanphuquoc.com.vn\/en\/wp-json\/wp\/v2\/comments?post=2377"}],"version-history":[{"count":0,"href":"https:\/\/khaihoanphuquoc.com.vn\/en\/wp-json\/wp\/v2\/pages\/2377\/revisions"}],"wp:attachment":[{"href":"https:\/\/khaihoanphuquoc.com.vn\/en\/wp-json\/wp\/v2\/media?parent=2377"}],"curies":[{"name":"wp","href":"https:\/\/api.w.org\/{rel}","templated":true}]}}