{"id":2391,"date":"2024-08-20T17:56:25","date_gmt":"2024-08-20T10:56:25","guid":{"rendered":"https:\/\/khaihoanphuquoc.com.vn\/trang-chu\/"},"modified":"2023-05-12T10:00:51","modified_gmt":"2023-05-12T03:00:51","slug":"trang-chu","status":"publish","type":"page","link":"https:\/\/khaihoanphuquoc.com.vn\/en\/","title":{"rendered":"Home"},"content":{"rendered":"","protected":false},"excerpt":{"rendered":"","protected":false},"author":82,"featured_media":0,"parent":0,"menu_order":0,"comment_status":"closed","ping_status":"closed","template":"page-template\/home-template.php","meta":{"inline_featured_image":false,"footnotes":""},"class_list":["post-2391","page","type-page","status-publish","hentry"],"yoast_head":"<!-- This site is optimized with the Yoast SEO plugin v23.3 - https:\/\/yoast.com\/wordpress\/plugins\/seo\/ -->\n<title>N\u01b0\u1edbc M\u1eafm Kh\u1ea3i Ho\u00e0n Ph\u00fa Qu\u1ed1c<\/title>\n<meta name=\"description\" content=\"Khai Hoan&#039;s mission is to continue, maintain, and promote the centennial value of rich country fish sauce, and is the flagship of protecting national cultural heritage. The products of Khai Hoan are naturally brewed using traditional methods, with a rich and unique flavor, filled with the flavor of the national soul.\" \/>\n<meta name=\"robots\" content=\"index, follow, max-snippet:-1, max-image-preview:large, max-video-preview:-1\" \/>\n<link rel=\"canonical\" href=\"https:\/\/khaihoanphuquoc.com.vn\/en\/trang-chu\/\" \/>\n<meta property=\"og:locale\" content=\"en_US\" \/>\n<meta property=\"og:type\" content=\"article\" \/>\n<meta property=\"og:title\" content=\"C\u00f4ng ty c\u1ed5 ph\u1ea7n th\u01b0\u01a1ng m\u1ea1i Kh\u1ea3i Ho\u00e0n\" \/>\n<meta property=\"og:description\" content=\"\u0110\u1ed1i v\u1edbi m\u1ed7i anh em t\u1ea1i Kh\u1ea3i Ho\u00e0n, bi\u1ec3n nh\u01b0 ng\u01b0\u1eddi m\u1eb9 v\u0129 \u0111\u1ea1i. L\u00e0 m\u1ed9t \u0111\u1ee9a con c\u1ee7a Ph\u00fa Qu\u1ed1c, y\u00eau \u0111\u1ea3o, y\u00eau r\u1eebng, y\u00eau v\u1ecb m\u1eb7n c\u1ee7a bi\u1ec3n, bi\u1ebft \u01a1n t\u1ea5t th\u1ea3y nh\u1eefng g\u00ec m\u1eb9 thi\u00ean nhi\u00ean ban t\u1eb7ng cho v\u00f9ng \u0111\u1ea5t n\u00e0y, b\u00e0 Tr\u1ea7n Th\u1ecb Ba \u0111\u00e3 d\u00e0nh t\u00e2m huy\u1ebft h\u01a1n n\u1eeda \u0111\u1eddi ng\u01b0\u1eddi cho ngh\u1ec1 l\u00e0m n\u01b0\u1edbc m\u1eafm; th\u1ed5i b\u00f9ng ng\u1ecdn l\u1eeda \u0111am m\u00ea v\u00e0 truy\u1ec1n l\u1ea1i cho con ch\u00e1u \u0111\u1eddi sau.\" \/>\n<meta property=\"og:url\" content=\"https:\/\/khaihoanphuquoc.com.vn\/en\/trang-chu\/\" \/>\n<meta property=\"og:site_name\" content=\"N\u01b0\u1edbc M\u1eafm Kh\u1ea3i Ho\u00e0n Ph\u00fa Qu\u1ed1c\" \/>\n<meta property=\"article:modified_time\" content=\"2023-05-12T03:00:51+00:00\" \/>\n<meta property=\"og:image\" content=\"https:\/\/khaihoanphuquoc.com.vn\/wp-content\/uploads\/2023\/01\/bannerhome1.jpg\" \/>\n\t<meta property=\"og:image:width\" content=\"1920\" \/>\n\t<meta property=\"og:image:height\" content=\"800\" \/>\n\t<meta property=\"og:image:type\" content=\"image\/jpeg\" \/>\n<meta name=\"twitter:card\" content=\"summary_large_image\" \/>\n<meta name=\"twitter:title\" content=\"C\u00f4ng ty c\u1ed5 ph\u1ea7n th\u01b0\u01a1ng m\u1ea1i Kh\u1ea3i Ho\u00e0n\" \/>\n<meta name=\"twitter:description\" content=\"\u0110\u1ed1i v\u1edbi m\u1ed7i anh em t\u1ea1i Kh\u1ea3i Ho\u00e0n, bi\u1ec3n nh\u01b0 ng\u01b0\u1eddi m\u1eb9 v\u0129 \u0111\u1ea1i. L\u00e0 m\u1ed9t \u0111\u1ee9a con c\u1ee7a Ph\u00fa Qu\u1ed1c, y\u00eau \u0111\u1ea3o, y\u00eau r\u1eebng, y\u00eau v\u1ecb m\u1eb7n c\u1ee7a bi\u1ec3n, bi\u1ebft \u01a1n t\u1ea5t th\u1ea3y nh\u1eefng g\u00ec m\u1eb9 thi\u00ean nhi\u00ean ban t\u1eb7ng cho v\u00f9ng \u0111\u1ea5t n\u00e0y, b\u00e0 Tr\u1ea7n Th\u1ecb Ba \u0111\u00e3 d\u00e0nh t\u00e2m huy\u1ebft h\u01a1n n\u1eeda \u0111\u1eddi ng\u01b0\u1eddi cho ngh\u1ec1 l\u00e0m n\u01b0\u1edbc m\u1eafm; th\u1ed5i b\u00f9ng ng\u1ecdn l\u1eeda \u0111am m\u00ea v\u00e0 truy\u1ec1n l\u1ea1i cho con ch\u00e1u \u0111\u1eddi sau.\" \/>\n<meta name=\"twitter:image\" content=\"https:\/\/khaihoanphuquoc.com.vn\/wp-content\/uploads\/2023\/01\/bannerhome1.jpg\" \/>\n<!-- \/ Yoast SEO plugin. -->","yoast_head_json":{"title":"N\u01b0\u1edbc M\u1eafm Kh\u1ea3i Ho\u00e0n Ph\u00fa Qu\u1ed1c","description":"Khai Hoan's mission is to continue, maintain, and promote the centennial value of rich country fish sauce, and is the flagship of protecting national cultural heritage. The products of Khai Hoan are naturally brewed using traditional methods, with a rich and unique flavor, filled with the flavor of the national soul.","robots":{"index":"index","follow":"follow","max-snippet":"max-snippet:-1","max-image-preview":"max-image-preview:large","max-video-preview":"max-video-preview:-1"},"canonical":"https:\/\/khaihoanphuquoc.com.vn\/en\/trang-chu\/","og_locale":"en_US","og_type":"article","og_title":"C\u00f4ng ty c\u1ed5 ph\u1ea7n th\u01b0\u01a1ng m\u1ea1i Kh\u1ea3i Ho\u00e0n","og_description":"\u0110\u1ed1i v\u1edbi m\u1ed7i anh em t\u1ea1i Kh\u1ea3i Ho\u00e0n, bi\u1ec3n nh\u01b0 ng\u01b0\u1eddi m\u1eb9 v\u0129 \u0111\u1ea1i. L\u00e0 m\u1ed9t \u0111\u1ee9a con c\u1ee7a Ph\u00fa Qu\u1ed1c, y\u00eau \u0111\u1ea3o, y\u00eau r\u1eebng, y\u00eau v\u1ecb m\u1eb7n c\u1ee7a bi\u1ec3n, bi\u1ebft \u01a1n t\u1ea5t th\u1ea3y nh\u1eefng g\u00ec m\u1eb9 thi\u00ean nhi\u00ean ban t\u1eb7ng cho v\u00f9ng \u0111\u1ea5t n\u00e0y, b\u00e0 Tr\u1ea7n Th\u1ecb Ba \u0111\u00e3 d\u00e0nh t\u00e2m huy\u1ebft h\u01a1n n\u1eeda \u0111\u1eddi ng\u01b0\u1eddi cho ngh\u1ec1 l\u00e0m n\u01b0\u1edbc m\u1eafm; th\u1ed5i b\u00f9ng ng\u1ecdn l\u1eeda \u0111am m\u00ea v\u00e0 truy\u1ec1n l\u1ea1i cho con ch\u00e1u \u0111\u1eddi sau.","og_url":"https:\/\/khaihoanphuquoc.com.vn\/en\/trang-chu\/","og_site_name":"N\u01b0\u1edbc M\u1eafm Kh\u1ea3i Ho\u00e0n Ph\u00fa Qu\u1ed1c","article_modified_time":"2023-05-12T03:00:51+00:00","og_image":[{"width":1920,"height":800,"url":"https:\/\/khaihoanphuquoc.com.vn\/wp-content\/uploads\/2023\/01\/bannerhome1.jpg","type":"image\/jpeg"}],"twitter_card":"summary_large_image","twitter_title":"C\u00f4ng ty c\u1ed5 ph\u1ea7n th\u01b0\u01a1ng m\u1ea1i Kh\u1ea3i Ho\u00e0n","twitter_description":"\u0110\u1ed1i v\u1edbi m\u1ed7i anh em t\u1ea1i Kh\u1ea3i Ho\u00e0n, bi\u1ec3n nh\u01b0 ng\u01b0\u1eddi m\u1eb9 v\u0129 \u0111\u1ea1i. L\u00e0 m\u1ed9t \u0111\u1ee9a con c\u1ee7a Ph\u00fa Qu\u1ed1c, y\u00eau \u0111\u1ea3o, y\u00eau r\u1eebng, y\u00eau v\u1ecb m\u1eb7n c\u1ee7a bi\u1ec3n, bi\u1ebft \u01a1n t\u1ea5t th\u1ea3y nh\u1eefng g\u00ec m\u1eb9 thi\u00ean nhi\u00ean ban t\u1eb7ng cho v\u00f9ng \u0111\u1ea5t n\u00e0y, b\u00e0 Tr\u1ea7n Th\u1ecb Ba \u0111\u00e3 d\u00e0nh t\u00e2m huy\u1ebft h\u01a1n n\u1eeda \u0111\u1eddi ng\u01b0\u1eddi cho ngh\u1ec1 l\u00e0m n\u01b0\u1edbc m\u1eafm; th\u1ed5i b\u00f9ng ng\u1ecdn l\u1eeda \u0111am m\u00ea v\u00e0 truy\u1ec1n l\u1ea1i cho con ch\u00e1u \u0111\u1eddi sau.","twitter_image":"https:\/\/khaihoanphuquoc.com.vn\/wp-content\/uploads\/2023\/01\/bannerhome1.jpg","schema":{"@context":"https:\/\/schema.org","@graph":[{"@type":"WebPage","@id":"https:\/\/khaihoanphuquoc.com.vn\/en\/trang-chu\/","url":"https:\/\/khaihoanphuquoc.com.vn\/en\/trang-chu\/","name":"N\u01b0\u1edbc M\u1eafm Kh\u1ea3i Ho\u00e0n Ph\u00fa Qu\u1ed1c","isPartOf":{"@id":"https:\/\/khaihoanphuquoc.com.vn\/#website"},"datePublished":"2024-08-20T10:56:25+00:00","dateModified":"2023-05-12T03:00:51+00:00","description":"Khai Hoan's mission is to continue, maintain, and promote the centennial value of rich country fish sauce, and is the flagship of protecting national cultural heritage. The products of Khai Hoan are naturally brewed using traditional methods, with a rich and unique flavor, filled with the flavor of the national soul.","breadcrumb":{"@id":"https:\/\/khaihoanphuquoc.com.vn\/en\/trang-chu\/#breadcrumb"},"inLanguage":"en-US","potentialAction":[{"@type":"ReadAction","target":["https:\/\/khaihoanphuquoc.com.vn\/en\/trang-chu\/"]}]},{"@type":"BreadcrumbList","@id":"https:\/\/khaihoanphuquoc.com.vn\/en\/trang-chu\/#breadcrumb","itemListElement":[{"@type":"ListItem","position":1,"name":"Trang ch\u1ee7","item":"https:\/\/khaihoanphuquoc.com.vn\/en\/trang-chu\/"},{"@type":"ListItem","position":2,"name":"Home"}]},{"@type":"WebSite","@id":"https:\/\/khaihoanphuquoc.com.vn\/#website","url":"https:\/\/khaihoanphuquoc.com.vn\/","name":"N\u01b0\u1edbc M\u1eafm Kh\u1ea3i Ho\u00e0n","description":"\u0110\u1ed1i v\u1edbi m\u1ed7i anh em t\u1ea1i Kh\u1ea3i Ho\u00e0n, bi\u1ec3n nh\u01b0 ng\u01b0\u1eddi m\u1eb9 v\u0129 \u0111\u1ea1i. L\u00e0 m\u1ed9t \u0111\u1ee9a con c\u1ee7a Ph\u00fa Qu\u1ed1c, y\u00eau \u0111\u1ea3o, y\u00eau r\u1eebng, y\u00eau v\u1ecb m\u1eb7n c\u1ee7a bi\u1ec3n, bi\u1ebft \u01a1n t\u1ea5t th\u1ea3y nh\u1eefng g\u00ec m\u1eb9 thi\u00ean nhi\u00ean ban t\u1eb7ng cho v\u00f9ng \u0111\u1ea5t n\u00e0y, b\u00e0 Tr\u1ea7n Th\u1ecb Ba \u0111\u00e3 d\u00e0nh t\u00e2m huy\u1ebft h\u01a1n n\u1eeda \u0111\u1eddi ng\u01b0\u1eddi cho ngh\u1ec1 l\u00e0m n\u01b0\u1edbc m\u1eafm; th\u1ed5i b\u00f9ng ng\u1ecdn l\u1eeda \u0111am m\u00ea v\u00e0 truy\u1ec1n l\u1ea1i cho con ch\u00e1u \u0111\u1eddi sau.","publisher":{"@id":"https:\/\/khaihoanphuquoc.com.vn\/#organization"},"alternateName":"N\u01b0\u1edbc M\u1eafm Kh\u1ea3i Ho\u00e0n","potentialAction":[{"@type":"SearchAction","target":{"@type":"EntryPoint","urlTemplate":"https:\/\/khaihoanphuquoc.com.vn\/?s={search_term_string}"},"query-input":"required name=search_term_string"}],"inLanguage":"en-US"},{"@type":"Organization","@id":"https:\/\/khaihoanphuquoc.com.vn\/#organization","name":"C\u00f4ng ty c\u1ed5 ph\u1ea7n th\u01b0\u01a1ng m\u1ea1i Kh\u1ea3i Ho\u00e0n","alternateName":"\u0110\u1ed1i v\u1edbi m\u1ed7i anh em t\u1ea1i Kh\u1ea3i Ho\u00e0n, bi\u1ec3n nh\u01b0 ng\u01b0\u1eddi m\u1eb9 v\u0129 \u0111\u1ea1i. L\u00e0 m\u1ed9t \u0111\u1ee9a con c\u1ee7a Ph\u00fa Qu\u1ed1c, y\u00eau \u0111\u1ea3o, y\u00eau r\u1eebng, y\u00eau v\u1ecb m\u1eb7n c\u1ee7a bi\u1ec3n, bi\u1ebft \u01a1n t\u1ea5t th\u1ea3y nh\u1eefng g\u00ec m\u1eb9 thi\u00ean nhi\u00ean ban t\u1eb7ng cho v\u00f9ng \u0111\u1ea5t n\u00e0y, b\u00e0 Tr\u1ea7n Th\u1ecb Ba \u0111\u00e3 d\u00e0nh t\u00e2m huy\u1ebft h\u01a1n n\u1eeda \u0111\u1eddi ng\u01b0\u1eddi cho ngh\u1ec1 l\u00e0m n\u01b0\u1edbc m\u1eafm; th\u1ed5i b\u00f9ng ng\u1ecdn l\u1eeda \u0111am m\u00ea v\u00e0 truy\u1ec1n l\u1ea1i cho con ch\u00e1u \u0111\u1eddi sau.","url":"https:\/\/khaihoanphuquoc.com.vn\/","logo":{"@type":"ImageObject","inLanguage":"en-US","@id":"https:\/\/khaihoanphuquoc.com.vn\/#\/schema\/logo\/image\/","url":"https:\/\/khaihoanphuquoc.com.vn\/wp-content\/uploads\/2023\/01\/logonew.png","contentUrl":"https:\/\/khaihoanphuquoc.com.vn\/wp-content\/uploads\/2023\/01\/logonew.png","width":115,"height":108,"caption":"C\u00f4ng ty c\u1ed5 ph\u1ea7n th\u01b0\u01a1ng m\u1ea1i Kh\u1ea3i Ho\u00e0n"},"image":{"@id":"https:\/\/khaihoanphuquoc.com.vn\/#\/schema\/logo\/image\/"}}]}},"_links":{"self":[{"href":"https:\/\/khaihoanphuquoc.com.vn\/en\/wp-json\/wp\/v2\/pages\/2391","targetHints":{"allow":["GET"]}}],"collection":[{"href":"https:\/\/khaihoanphuquoc.com.vn\/en\/wp-json\/wp\/v2\/pages"}],"about":[{"href":"https:\/\/khaihoanphuquoc.com.vn\/en\/wp-json\/wp\/v2\/types\/page"}],"author":[{"embeddable":true,"href":"https:\/\/khaihoanphuquoc.com.vn\/en\/wp-json\/wp\/v2\/users\/82"}],"replies":[{"embeddable":true,"href":"https:\/\/khaihoanphuquoc.com.vn\/en\/wp-json\/wp\/v2\/comments?post=2391"}],"version-history":[{"count":0,"href":"https:\/\/khaihoanphuquoc.com.vn\/en\/wp-json\/wp\/v2\/pages\/2391\/revisions"}],"wp:attachment":[{"href":"https:\/\/khaihoanphuquoc.com.vn\/en\/wp-json\/wp\/v2\/media?parent=2391"}],"curies":[{"name":"wp","href":"https:\/\/api.w.org\/{rel}","templated":true}]}}