{"id":2394,"date":"2023-07-17T10:56:40","date_gmt":"2023-07-17T03:56:40","guid":{"rendered":"https:\/\/khaihoanphuquoc.com.vn\/san-pham\/chai-90ml-45-do-dam\/"},"modified":"2023-04-27T13:39:48","modified_gmt":"2023-04-27T06:39:48","slug":"chai-90ml-45-do-dam","status":"publish","type":"product","link":"https:\/\/khaihoanphuquoc.com.vn\/en\/san-pham\/chai-90ml-45-do-dam\/","title":{"rendered":"Fish sauce 45\u00baN &#8211; 90ml"},"content":{"rendered":"<p><span style=\"font-family: helvetica, arial, sans-serif;\">Natural 45-degree protein fish sauce is extremely rare because this type of anchovies only accounts for 1-2% of the total Com fish output in the Phu Quoc coastal area.<\/span><\/p>\n<p><span style=\"font-family: helvetica, arial, sans-serif;\">Kh\u1ea3i Ho\u00e0n traditional fish sauce with 45-degree natural protein is the &#8220;essence&#8221; of the first product that has natural protein content fermented by traditional method with:<\/span><\/p>\n<ul>\n<li><span style=\"font-family: helvetica, arial, sans-serif;\"><em><span style=\"text-decoration: underline;\">Ingredients:<\/span><\/em> Fresh, large, and natural Com fish from Phu Quoc coastal area and Ba Ria Vung Tau salt.<\/span><\/li>\n<li><span style=\"font-family: helvetica, arial, sans-serif;\"><em><span style=\"text-decoration: underline;\">Fermentation barrel<\/span><\/em>: made of natural aged B\u1ed3i l\u1eddi wood with a lifespan of over 35 years.<\/span><br \/>\n<span style=\"font-family: helvetica, arial, sans-serif;\">Fermentation time: over 15 months. The longer the fermentation, the better the taste and nutrition.<\/span><\/li>\n<li><span style=\"font-family: helvetica, arial, sans-serif;\"><em><span style=\"text-decoration: underline;\">Finished fish sauce<\/span><\/em>: has a reddish-brown color, a distinctive aroma, a sweet aftertaste of rich and delicious fish protein, high nutritional value, and contains more than 15 types of amino acids, including essential amino acids such as <em><strong>Lysine, Valine, Threonine,&#8230;<\/strong> <\/em>to enhance human health.<\/span><\/li>\n<li><span style=\"font-family: helvetica, arial, sans-serif;\"><em><span style=\"text-decoration: underline;\">Quality management:<\/span><\/em> according to HACCP CODEX 2020 and ISO 22000 standards.<\/span><\/li>\n<\/ul>\n<p><span style=\"font-family: helvetica, arial, sans-serif;\">The fish sauce has a shelf life of over 36 months, but if left for a long time or the lid is opened, the product may darken or have salt deposits, which is a natural phenomenon of traditional fish sauce<\/span><\/p>\n","protected":false},"excerpt":{"rendered":"<p>Special edition: 45 degrees protein 90ml capacity. The special comes from the perfect quality, beautiful story, and the love of consumers.<\/p>\n<p>&nbsp;<\/p>\n","protected":false},"featured_media":10635,"comment_status":"open","ping_status":"closed","template":"","meta":{"inline_featured_image":false},"product_cat":[128],"product_tag":[129,130,131,132],"class_list":{"0":"post-2394","1":"product","2":"type-product","3":"status-publish","4":"has-post-thumbnail","6":"product_cat-tinh-hoa-khai-hoan-en","7":"product_tag-khai-hoan-en","8":"product_tag-nuoc-mam-en","9":"product_tag-phu-quoc-en","10":"product_tag-tinh-hoa-en","12":"first","13":"instock","14":"shipping-taxable","15":"product-type-simple"},"yoast_head":"<!-- This site is optimized with the Yoast SEO plugin v23.3 - https:\/\/yoast.com\/wordpress\/plugins\/seo\/ -->\n<title>Fish sauce 45\u00baN - 90ml - N\u01b0\u1edbc M\u1eafm Kh\u1ea3i Ho\u00e0n Ph\u00fa Qu\u1ed1c<\/title>\n<meta name=\"description\" content=\"Natural 45-degree protein fish sauce is extremely rare because this type of anchovies only accounts for 1-2% of the total Com fish output in the Phu Quoc coastal area.\" \/>\n<meta name=\"robots\" content=\"index, follow, max-snippet:-1, max-image-preview:large, max-video-preview:-1\" \/>\n<link rel=\"canonical\" href=\"https:\/\/khaihoanphuquoc.com.vn\/en\/san-pham\/chai-90ml-45-do-dam\/\" \/>\n<meta property=\"og:locale\" content=\"en_US\" \/>\n<meta property=\"og:type\" content=\"article\" \/>\n<meta property=\"og:title\" content=\"Fish sauce 45\u00baN - 90ml - N\u01b0\u1edbc M\u1eafm Kh\u1ea3i Ho\u00e0n Ph\u00fa Qu\u1ed1c\" \/>\n<meta property=\"og:description\" content=\"Natural 45-degree protein fish sauce is extremely rare because this type of anchovies only accounts for 1-2% of the total Com fish output in the Phu Quoc coastal area.\" \/>\n<meta property=\"og:url\" content=\"https:\/\/khaihoanphuquoc.com.vn\/en\/san-pham\/chai-90ml-45-do-dam\/\" \/>\n<meta property=\"og:site_name\" content=\"N\u01b0\u1edbc M\u1eafm Kh\u1ea3i Ho\u00e0n Ph\u00fa Qu\u1ed1c\" \/>\n<meta property=\"article:modified_time\" content=\"2023-04-27T06:39:48+00:00\" \/>\n<meta property=\"og:image\" content=\"https:\/\/khaihoanphuquoc.com.vn\/wp-content\/uploads\/2025\/02\/45N-90ml-6chai.png\" \/>\n\t<meta property=\"og:image:width\" content=\"1000\" \/>\n\t<meta property=\"og:image:height\" content=\"1000\" \/>\n\t<meta property=\"og:image:type\" content=\"image\/png\" \/>\n<meta name=\"twitter:card\" content=\"summary_large_image\" \/>\n<meta name=\"twitter:label1\" content=\"Est. reading time\" \/>\n\t<meta name=\"twitter:data1\" content=\"1 minute\" \/>\n<!-- \/ Yoast SEO plugin. -->","yoast_head_json":{"title":"Fish sauce 45\u00baN - 90ml - N\u01b0\u1edbc M\u1eafm Kh\u1ea3i Ho\u00e0n Ph\u00fa Qu\u1ed1c","description":"Natural 45-degree protein fish sauce is extremely rare because this type of anchovies only accounts for 1-2% of the total Com fish output in the Phu Quoc coastal area.","robots":{"index":"index","follow":"follow","max-snippet":"max-snippet:-1","max-image-preview":"max-image-preview:large","max-video-preview":"max-video-preview:-1"},"canonical":"https:\/\/khaihoanphuquoc.com.vn\/en\/san-pham\/chai-90ml-45-do-dam\/","og_locale":"en_US","og_type":"article","og_title":"Fish sauce 45\u00baN - 90ml - N\u01b0\u1edbc M\u1eafm Kh\u1ea3i Ho\u00e0n Ph\u00fa Qu\u1ed1c","og_description":"Natural 45-degree protein fish sauce is extremely rare because this type of anchovies only accounts for 1-2% of the total Com fish output in the Phu Quoc coastal area.","og_url":"https:\/\/khaihoanphuquoc.com.vn\/en\/san-pham\/chai-90ml-45-do-dam\/","og_site_name":"N\u01b0\u1edbc M\u1eafm Kh\u1ea3i Ho\u00e0n Ph\u00fa Qu\u1ed1c","article_modified_time":"2023-04-27T06:39:48+00:00","og_image":[{"width":1000,"height":1000,"url":"https:\/\/khaihoanphuquoc.com.vn\/wp-content\/uploads\/2025\/02\/45N-90ml-6chai.png","type":"image\/png"}],"twitter_card":"summary_large_image","twitter_misc":{"Est. reading time":"1 minute"},"schema":{"@context":"https:\/\/schema.org","@graph":[{"@type":"WebPage","@id":"https:\/\/khaihoanphuquoc.com.vn\/en\/san-pham\/chai-90ml-45-do-dam\/","url":"https:\/\/khaihoanphuquoc.com.vn\/en\/san-pham\/chai-90ml-45-do-dam\/","name":"Fish sauce 45\u00baN - 90ml - N\u01b0\u1edbc M\u1eafm Kh\u1ea3i Ho\u00e0n Ph\u00fa Qu\u1ed1c","isPartOf":{"@id":"https:\/\/khaihoanphuquoc.com.vn\/#website"},"primaryImageOfPage":{"@id":"https:\/\/khaihoanphuquoc.com.vn\/en\/san-pham\/chai-90ml-45-do-dam\/#primaryimage"},"image":{"@id":"https:\/\/khaihoanphuquoc.com.vn\/en\/san-pham\/chai-90ml-45-do-dam\/#primaryimage"},"thumbnailUrl":"https:\/\/khaihoanphuquoc.com.vn\/wp-content\/uploads\/2025\/02\/45N-90ml-6chai.png","datePublished":"2023-07-17T03:56:40+00:00","dateModified":"2023-04-27T06:39:48+00:00","description":"Natural 45-degree protein fish sauce is extremely rare because this type of anchovies only accounts for 1-2% of the total Com fish output in the Phu Quoc coastal area.","breadcrumb":{"@id":"https:\/\/khaihoanphuquoc.com.vn\/en\/san-pham\/chai-90ml-45-do-dam\/#breadcrumb"},"inLanguage":"en-US","potentialAction":[{"@type":"ReadAction","target":["https:\/\/khaihoanphuquoc.com.vn\/en\/san-pham\/chai-90ml-45-do-dam\/"]}]},{"@type":"ImageObject","inLanguage":"en-US","@id":"https:\/\/khaihoanphuquoc.com.vn\/en\/san-pham\/chai-90ml-45-do-dam\/#primaryimage","url":"https:\/\/khaihoanphuquoc.com.vn\/wp-content\/uploads\/2025\/02\/45N-90ml-6chai.png","contentUrl":"https:\/\/khaihoanphuquoc.com.vn\/wp-content\/uploads\/2025\/02\/45N-90ml-6chai.png","width":1000,"height":1000},{"@type":"BreadcrumbList","@id":"https:\/\/khaihoanphuquoc.com.vn\/en\/san-pham\/chai-90ml-45-do-dam\/#breadcrumb","itemListElement":[{"@type":"ListItem","position":1,"name":"Trang ch\u1ee7","item":"https:\/\/khaihoanphuquoc.com.vn\/en\/trang-chu\/"},{"@type":"ListItem","position":2,"name":"N\u01b0\u1edbc M\u1eafm Kh\u1ea3i Ho\u00e0n","item":"https:\/\/khaihoanphuquoc.com.vn\/danh-sach-san-pham\/"},{"@type":"ListItem","position":3,"name":"Fish sauce 45\u00baN &#8211; 90ml"}]},{"@type":"WebSite","@id":"https:\/\/khaihoanphuquoc.com.vn\/#website","url":"https:\/\/khaihoanphuquoc.com.vn\/","name":"N\u01b0\u1edbc M\u1eafm Kh\u1ea3i Ho\u00e0n","description":"\u0110\u1ed1i v\u1edbi m\u1ed7i anh em t\u1ea1i Kh\u1ea3i Ho\u00e0n, bi\u1ec3n nh\u01b0 ng\u01b0\u1eddi m\u1eb9 v\u0129 \u0111\u1ea1i. L\u00e0 m\u1ed9t \u0111\u1ee9a con c\u1ee7a Ph\u00fa Qu\u1ed1c, y\u00eau \u0111\u1ea3o, y\u00eau r\u1eebng, y\u00eau v\u1ecb m\u1eb7n c\u1ee7a bi\u1ec3n, bi\u1ebft \u01a1n t\u1ea5t th\u1ea3y nh\u1eefng g\u00ec m\u1eb9 thi\u00ean nhi\u00ean ban t\u1eb7ng cho v\u00f9ng \u0111\u1ea5t n\u00e0y, b\u00e0 Tr\u1ea7n Th\u1ecb Ba \u0111\u00e3 d\u00e0nh t\u00e2m huy\u1ebft h\u01a1n n\u1eeda \u0111\u1eddi ng\u01b0\u1eddi cho ngh\u1ec1 l\u00e0m n\u01b0\u1edbc m\u1eafm; th\u1ed5i b\u00f9ng ng\u1ecdn l\u1eeda \u0111am m\u00ea v\u00e0 truy\u1ec1n l\u1ea1i cho con ch\u00e1u \u0111\u1eddi sau.","publisher":{"@id":"https:\/\/khaihoanphuquoc.com.vn\/#organization"},"alternateName":"N\u01b0\u1edbc M\u1eafm Kh\u1ea3i Ho\u00e0n","potentialAction":[{"@type":"SearchAction","target":{"@type":"EntryPoint","urlTemplate":"https:\/\/khaihoanphuquoc.com.vn\/?s={search_term_string}"},"query-input":"required name=search_term_string"}],"inLanguage":"en-US"},{"@type":"Organization","@id":"https:\/\/khaihoanphuquoc.com.vn\/#organization","name":"C\u00f4ng ty c\u1ed5 ph\u1ea7n th\u01b0\u01a1ng m\u1ea1i Kh\u1ea3i Ho\u00e0n","alternateName":"\u0110\u1ed1i v\u1edbi m\u1ed7i anh em t\u1ea1i Kh\u1ea3i Ho\u00e0n, bi\u1ec3n nh\u01b0 ng\u01b0\u1eddi m\u1eb9 v\u0129 \u0111\u1ea1i. L\u00e0 m\u1ed9t \u0111\u1ee9a con c\u1ee7a Ph\u00fa Qu\u1ed1c, y\u00eau \u0111\u1ea3o, y\u00eau r\u1eebng, y\u00eau v\u1ecb m\u1eb7n c\u1ee7a bi\u1ec3n, bi\u1ebft \u01a1n t\u1ea5t th\u1ea3y nh\u1eefng g\u00ec m\u1eb9 thi\u00ean nhi\u00ean ban t\u1eb7ng cho v\u00f9ng \u0111\u1ea5t n\u00e0y, b\u00e0 Tr\u1ea7n Th\u1ecb Ba \u0111\u00e3 d\u00e0nh t\u00e2m huy\u1ebft h\u01a1n n\u1eeda \u0111\u1eddi ng\u01b0\u1eddi cho ngh\u1ec1 l\u00e0m n\u01b0\u1edbc m\u1eafm; th\u1ed5i b\u00f9ng ng\u1ecdn l\u1eeda \u0111am m\u00ea v\u00e0 truy\u1ec1n l\u1ea1i cho con ch\u00e1u \u0111\u1eddi sau.","url":"https:\/\/khaihoanphuquoc.com.vn\/","logo":{"@type":"ImageObject","inLanguage":"en-US","@id":"https:\/\/khaihoanphuquoc.com.vn\/#\/schema\/logo\/image\/","url":"https:\/\/khaihoanphuquoc.com.vn\/wp-content\/uploads\/2023\/01\/logonew.png","contentUrl":"https:\/\/khaihoanphuquoc.com.vn\/wp-content\/uploads\/2023\/01\/logonew.png","width":115,"height":108,"caption":"C\u00f4ng ty c\u1ed5 ph\u1ea7n th\u01b0\u01a1ng m\u1ea1i Kh\u1ea3i Ho\u00e0n"},"image":{"@id":"https:\/\/khaihoanphuquoc.com.vn\/#\/schema\/logo\/image\/"}}]}},"_links":{"self":[{"href":"https:\/\/khaihoanphuquoc.com.vn\/en\/wp-json\/wp\/v2\/product\/2394","targetHints":{"allow":["GET"]}}],"collection":[{"href":"https:\/\/khaihoanphuquoc.com.vn\/en\/wp-json\/wp\/v2\/product"}],"about":[{"href":"https:\/\/khaihoanphuquoc.com.vn\/en\/wp-json\/wp\/v2\/types\/product"}],"replies":[{"embeddable":true,"href":"https:\/\/khaihoanphuquoc.com.vn\/en\/wp-json\/wp\/v2\/comments?post=2394"}],"wp:featuredmedia":[{"embeddable":true,"href":"https:\/\/khaihoanphuquoc.com.vn\/en\/wp-json\/wp\/v2\/media\/10635"}],"wp:attachment":[{"href":"https:\/\/khaihoanphuquoc.com.vn\/en\/wp-json\/wp\/v2\/media?parent=2394"}],"wp:term":[{"taxonomy":"product_cat","embeddable":true,"href":"https:\/\/khaihoanphuquoc.com.vn\/en\/wp-json\/wp\/v2\/product_cat?post=2394"},{"taxonomy":"product_tag","embeddable":true,"href":"https:\/\/khaihoanphuquoc.com.vn\/en\/wp-json\/wp\/v2\/product_tag?post=2394"}],"curies":[{"name":"wp","href":"https:\/\/api.w.org\/{rel}","templated":true}]}}