{"id":2418,"date":"2023-01-12T08:51:54","date_gmt":"2023-01-12T01:51:54","guid":{"rendered":"https:\/\/khaihoanphuquoc.com.vn\/san-pham\/chai-1-lit-18-do-dam\/"},"modified":"2023-04-27T10:54:36","modified_gmt":"2023-04-27T03:54:36","slug":"chai-1-lit-18-do-dam","status":"publish","type":"product","link":"https:\/\/khaihoanphuquoc.com.vn\/en\/san-pham\/chai-1-lit-18-do-dam\/","title":{"rendered":"Fish sauce 18\u00baN &#8211; 1L"},"content":{"rendered":"<p><span style=\"font-family: helvetica, arial, sans-serif;\">Cultivated from love for the sea, Khai Hoan has successfully realized the closed exploitation &#8211; preservation &#8211; transportation &#8211; incubation process, bringing clean raw materials from the sea to the table; keep the freshness, ensure the protein, color and characteristic delicious taste.<\/span><\/p>\n<p><span style=\"font-family: helvetica, arial, sans-serif;\"><strong>Net volume at 20\u00baC<\/strong>: 1L<\/span><\/p>\n<p><span style=\"font-family: helvetica, arial, sans-serif;\"><strong>Packing:<\/strong>\u00a0 A bottle<\/span><\/p>\n<p><span style=\"font-family: helvetica, arial, sans-serif;\">Each product with the Phu Quoc GI certificate is stamped. And Khai Hoan is one of the fish sauce manufacturers that has been granted a certificate of geographical indication Phu Quoc.<\/span><\/p>\n<p><span style=\"font-family: helvetica, arial, sans-serif;\">The Phu Quoc GI for fish sauce is a fish sauce product with the following specific quality properties:<\/span><\/p>\n<ol>\n<li><span style=\"font-family: helvetica, arial, sans-serif;\">Color: characteristic bold color of cockroach wings.<\/span><\/li>\n<li><span style=\"font-family: helvetica, arial, sans-serif;\">Odor: very characteristic light aroma, no fishy smell and ammonia smell.<\/span><\/li>\n<li><span style=\"font-family: helvetica, arial, sans-serif;\">Taste: salty, sweet, with a natural fatty taste. Has a sweet aftertaste of natural protein and fat from fish fat.<\/span><\/li>\n<li><span style=\"font-family: helvetica, arial, sans-serif;\">Protein: Minimum protein: 20gN\/liter; Maximum protein: 43gN\/liter<\/span><\/li>\n<\/ol>\n<p><span style=\"font-family: helvetica, arial, sans-serif;\"><strong>Ingredients<\/strong>: Fresh anchovies, sea salt, flavor enhancer (621, 627, 631), artificial sweetener (950, 951), no preservatives.<\/span><\/p>\n<p><span style=\"font-family: helvetica, arial, sans-serif;\"><strong>Natural fermentation<\/strong>:<\/span><\/p>\n<p><span style=\"font-family: helvetica, arial, sans-serif;\">N\u01b0\u1edbc m\u1eafm Kh\u1ea3i Ho\u00e0n is made from Phu Quoc anchovy fish and B\u00e0 R\u1ecba V\u0169ng T\u00e0u sea salt, naturally fermented in a wooden barrel for 12-15 months using traditional methods and quality management according to <strong>HACCP<\/strong> standards, from catching to finished product. This product has a history of over 200 years, is protected by geographical indications in Vietnam and 28 European Union countries, and has been recognized by the Ministry of Culture, Sports and Tourism as an intangible cultural heritage, national folklore knowledge.<\/span><\/p>\n","protected":false},"excerpt":{"rendered":"<p>Cultivated from love for the sea, Khai Hoan has successfully realized the closed exploitation &#8211; preservation &#8211; transportation &#8211; incubation process, bringing clean raw materials from the sea to the table; keep the freshness, ensure the protein, color and characteristic delicious taste.<\/p>\n","protected":false},"featured_media":0,"comment_status":"open","ping_status":"closed","template":"","meta":{"inline_featured_image":false},"product_cat":[134,149],"product_tag":[],"class_list":{"0":"post-2418","1":"product","2":"type-product","3":"status-publish","5":"product_cat-san-pham-ban-chay-en","6":"product_cat-nuoc-mam-18-do-dam-en","8":"first","9":"instock","10":"shipping-taxable","11":"product-type-simple"},"yoast_head":"<!-- This site is optimized with the Yoast SEO plugin v23.3 - https:\/\/yoast.com\/wordpress\/plugins\/seo\/ -->\n<title>Fish sauce 18\u00baN - 1L - N\u01b0\u1edbc M\u1eafm Kh\u1ea3i Ho\u00e0n Ph\u00fa Qu\u1ed1c<\/title>\n<meta name=\"description\" content=\"Cultivated from love for the sea, Khai Hoan has successfully realized the closed exploitation - preservation - transportation - incubation process, bringing clean raw materials from the sea to the table; keep the freshness, ensure the protein, color and characteristic delicious taste.\" \/>\n<meta name=\"robots\" content=\"index, follow, max-snippet:-1, max-image-preview:large, max-video-preview:-1\" \/>\n<link rel=\"canonical\" href=\"https:\/\/khaihoanphuquoc.com.vn\/en\/san-pham\/chai-1-lit-18-do-dam\/\" \/>\n<meta property=\"og:locale\" content=\"en_US\" \/>\n<meta property=\"og:type\" content=\"article\" \/>\n<meta property=\"og:title\" content=\"Fish sauce 18\u00baN - 1L - N\u01b0\u1edbc M\u1eafm Kh\u1ea3i Ho\u00e0n Ph\u00fa Qu\u1ed1c\" \/>\n<meta property=\"og:description\" content=\"Cultivated from love for the sea, Khai Hoan has successfully realized the closed exploitation - preservation - transportation - incubation process, bringing clean raw materials from the sea to the table; keep the freshness, ensure the protein, color and characteristic delicious taste.\" \/>\n<meta property=\"og:url\" content=\"https:\/\/khaihoanphuquoc.com.vn\/en\/san-pham\/chai-1-lit-18-do-dam\/\" \/>\n<meta property=\"og:site_name\" content=\"N\u01b0\u1edbc M\u1eafm Kh\u1ea3i Ho\u00e0n Ph\u00fa Qu\u1ed1c\" \/>\n<meta property=\"article:modified_time\" content=\"2023-04-27T03:54:36+00:00\" \/>\n<meta property=\"og:image\" content=\"https:\/\/khaihoanphuquoc.com.vn\/wp-content\/uploads\/2023\/01\/METTA_2615-683x1024.png\" \/>\n\t<meta property=\"og:image:width\" content=\"683\" \/>\n\t<meta property=\"og:image:height\" content=\"1024\" \/>\n\t<meta property=\"og:image:type\" content=\"image\/png\" \/>\n<meta name=\"twitter:card\" content=\"summary_large_image\" \/>\n<meta name=\"twitter:label1\" content=\"Est. reading time\" \/>\n\t<meta name=\"twitter:data1\" content=\"2 minutes\" \/>\n<!-- \/ Yoast SEO plugin. -->","yoast_head_json":{"title":"Fish sauce 18\u00baN - 1L - N\u01b0\u1edbc M\u1eafm Kh\u1ea3i Ho\u00e0n Ph\u00fa Qu\u1ed1c","description":"Cultivated from love for the sea, Khai Hoan has successfully realized the closed exploitation - preservation - transportation - incubation process, bringing clean raw materials from the sea to the table; keep the freshness, ensure the protein, color and characteristic delicious taste.","robots":{"index":"index","follow":"follow","max-snippet":"max-snippet:-1","max-image-preview":"max-image-preview:large","max-video-preview":"max-video-preview:-1"},"canonical":"https:\/\/khaihoanphuquoc.com.vn\/en\/san-pham\/chai-1-lit-18-do-dam\/","og_locale":"en_US","og_type":"article","og_title":"Fish sauce 18\u00baN - 1L - N\u01b0\u1edbc M\u1eafm Kh\u1ea3i Ho\u00e0n Ph\u00fa Qu\u1ed1c","og_description":"Cultivated from love for the sea, Khai Hoan has successfully realized the closed exploitation - preservation - transportation - incubation process, bringing clean raw materials from the sea to the table; keep the freshness, ensure the protein, color and characteristic delicious taste.","og_url":"https:\/\/khaihoanphuquoc.com.vn\/en\/san-pham\/chai-1-lit-18-do-dam\/","og_site_name":"N\u01b0\u1edbc M\u1eafm Kh\u1ea3i Ho\u00e0n Ph\u00fa Qu\u1ed1c","article_modified_time":"2023-04-27T03:54:36+00:00","og_image":[{"width":683,"height":1024,"url":"https:\/\/khaihoanphuquoc.com.vn\/wp-content\/uploads\/2023\/01\/METTA_2615-683x1024.png","type":"image\/png"}],"twitter_card":"summary_large_image","twitter_misc":{"Est. reading time":"2 minutes"},"schema":{"@context":"https:\/\/schema.org","@graph":[{"@type":"WebPage","@id":"https:\/\/khaihoanphuquoc.com.vn\/en\/san-pham\/chai-1-lit-18-do-dam\/","url":"https:\/\/khaihoanphuquoc.com.vn\/en\/san-pham\/chai-1-lit-18-do-dam\/","name":"Fish sauce 18\u00baN - 1L - N\u01b0\u1edbc M\u1eafm Kh\u1ea3i Ho\u00e0n Ph\u00fa Qu\u1ed1c","isPartOf":{"@id":"https:\/\/khaihoanphuquoc.com.vn\/#website"},"datePublished":"2023-01-12T01:51:54+00:00","dateModified":"2023-04-27T03:54:36+00:00","description":"Cultivated from love for the sea, Khai Hoan has successfully realized the closed exploitation - preservation - transportation - incubation process, bringing clean raw materials from the sea to the table; keep the freshness, ensure the protein, color and characteristic delicious taste.","breadcrumb":{"@id":"https:\/\/khaihoanphuquoc.com.vn\/en\/san-pham\/chai-1-lit-18-do-dam\/#breadcrumb"},"inLanguage":"en-US","potentialAction":[{"@type":"ReadAction","target":["https:\/\/khaihoanphuquoc.com.vn\/en\/san-pham\/chai-1-lit-18-do-dam\/"]}]},{"@type":"BreadcrumbList","@id":"https:\/\/khaihoanphuquoc.com.vn\/en\/san-pham\/chai-1-lit-18-do-dam\/#breadcrumb","itemListElement":[{"@type":"ListItem","position":1,"name":"Trang ch\u1ee7","item":"https:\/\/khaihoanphuquoc.com.vn\/en\/trang-chu\/"},{"@type":"ListItem","position":2,"name":"N\u01b0\u1edbc M\u1eafm Kh\u1ea3i Ho\u00e0n","item":"https:\/\/khaihoanphuquoc.com.vn\/danh-sach-san-pham\/"},{"@type":"ListItem","position":3,"name":"Fish sauce 18\u00baN &#8211; 1L"}]},{"@type":"WebSite","@id":"https:\/\/khaihoanphuquoc.com.vn\/#website","url":"https:\/\/khaihoanphuquoc.com.vn\/","name":"N\u01b0\u1edbc M\u1eafm Kh\u1ea3i Ho\u00e0n","description":"\u0110\u1ed1i v\u1edbi m\u1ed7i anh em t\u1ea1i Kh\u1ea3i Ho\u00e0n, bi\u1ec3n nh\u01b0 ng\u01b0\u1eddi m\u1eb9 v\u0129 \u0111\u1ea1i. L\u00e0 m\u1ed9t \u0111\u1ee9a con c\u1ee7a Ph\u00fa Qu\u1ed1c, y\u00eau \u0111\u1ea3o, y\u00eau r\u1eebng, y\u00eau v\u1ecb m\u1eb7n c\u1ee7a bi\u1ec3n, bi\u1ebft \u01a1n t\u1ea5t th\u1ea3y nh\u1eefng g\u00ec m\u1eb9 thi\u00ean nhi\u00ean ban t\u1eb7ng cho v\u00f9ng \u0111\u1ea5t n\u00e0y, b\u00e0 Tr\u1ea7n Th\u1ecb Ba \u0111\u00e3 d\u00e0nh t\u00e2m huy\u1ebft h\u01a1n n\u1eeda \u0111\u1eddi ng\u01b0\u1eddi cho ngh\u1ec1 l\u00e0m n\u01b0\u1edbc m\u1eafm; th\u1ed5i b\u00f9ng ng\u1ecdn l\u1eeda \u0111am m\u00ea v\u00e0 truy\u1ec1n l\u1ea1i cho con ch\u00e1u \u0111\u1eddi sau.","publisher":{"@id":"https:\/\/khaihoanphuquoc.com.vn\/#organization"},"alternateName":"N\u01b0\u1edbc M\u1eafm Kh\u1ea3i Ho\u00e0n","potentialAction":[{"@type":"SearchAction","target":{"@type":"EntryPoint","urlTemplate":"https:\/\/khaihoanphuquoc.com.vn\/?s={search_term_string}"},"query-input":"required name=search_term_string"}],"inLanguage":"en-US"},{"@type":"Organization","@id":"https:\/\/khaihoanphuquoc.com.vn\/#organization","name":"C\u00f4ng ty c\u1ed5 ph\u1ea7n th\u01b0\u01a1ng m\u1ea1i Kh\u1ea3i Ho\u00e0n","alternateName":"\u0110\u1ed1i v\u1edbi m\u1ed7i anh em t\u1ea1i Kh\u1ea3i Ho\u00e0n, bi\u1ec3n nh\u01b0 ng\u01b0\u1eddi m\u1eb9 v\u0129 \u0111\u1ea1i. L\u00e0 m\u1ed9t \u0111\u1ee9a con c\u1ee7a Ph\u00fa Qu\u1ed1c, y\u00eau \u0111\u1ea3o, y\u00eau r\u1eebng, y\u00eau v\u1ecb m\u1eb7n c\u1ee7a bi\u1ec3n, bi\u1ebft \u01a1n t\u1ea5t th\u1ea3y nh\u1eefng g\u00ec m\u1eb9 thi\u00ean nhi\u00ean ban t\u1eb7ng cho v\u00f9ng \u0111\u1ea5t n\u00e0y, b\u00e0 Tr\u1ea7n Th\u1ecb Ba \u0111\u00e3 d\u00e0nh t\u00e2m huy\u1ebft h\u01a1n n\u1eeda \u0111\u1eddi ng\u01b0\u1eddi cho ngh\u1ec1 l\u00e0m n\u01b0\u1edbc m\u1eafm; th\u1ed5i b\u00f9ng ng\u1ecdn l\u1eeda \u0111am m\u00ea v\u00e0 truy\u1ec1n l\u1ea1i cho con ch\u00e1u \u0111\u1eddi sau.","url":"https:\/\/khaihoanphuquoc.com.vn\/","logo":{"@type":"ImageObject","inLanguage":"en-US","@id":"https:\/\/khaihoanphuquoc.com.vn\/#\/schema\/logo\/image\/","url":"https:\/\/khaihoanphuquoc.com.vn\/wp-content\/uploads\/2023\/01\/logonew.png","contentUrl":"https:\/\/khaihoanphuquoc.com.vn\/wp-content\/uploads\/2023\/01\/logonew.png","width":115,"height":108,"caption":"C\u00f4ng ty c\u1ed5 ph\u1ea7n th\u01b0\u01a1ng m\u1ea1i Kh\u1ea3i Ho\u00e0n"},"image":{"@id":"https:\/\/khaihoanphuquoc.com.vn\/#\/schema\/logo\/image\/"}}]}},"_links":{"self":[{"href":"https:\/\/khaihoanphuquoc.com.vn\/en\/wp-json\/wp\/v2\/product\/2418","targetHints":{"allow":["GET"]}}],"collection":[{"href":"https:\/\/khaihoanphuquoc.com.vn\/en\/wp-json\/wp\/v2\/product"}],"about":[{"href":"https:\/\/khaihoanphuquoc.com.vn\/en\/wp-json\/wp\/v2\/types\/product"}],"replies":[{"embeddable":true,"href":"https:\/\/khaihoanphuquoc.com.vn\/en\/wp-json\/wp\/v2\/comments?post=2418"}],"wp:attachment":[{"href":"https:\/\/khaihoanphuquoc.com.vn\/en\/wp-json\/wp\/v2\/media?parent=2418"}],"wp:term":[{"taxonomy":"product_cat","embeddable":true,"href":"https:\/\/khaihoanphuquoc.com.vn\/en\/wp-json\/wp\/v2\/product_cat?post=2418"},{"taxonomy":"product_tag","embeddable":true,"href":"https:\/\/khaihoanphuquoc.com.vn\/en\/wp-json\/wp\/v2\/product_tag?post=2418"}],"curies":[{"name":"wp","href":"https:\/\/api.w.org\/{rel}","templated":true}]}}